{"id":579,"date":"2025-01-21T17:20:37","date_gmt":"2025-01-21T17:20:37","guid":{"rendered":"https:\/\/galloaztecatequila.com\/?page_id=579"},"modified":"2025-01-21T17:30:00","modified_gmt":"2025-01-21T17:30:00","slug":"cocteles","status":"publish","type":"page","link":"https:\/\/galloaztecatequila.com\/en\/cocteles\/","title":{"rendered":"Cocktails"},"content":{"rendered":"<div data-elementor-type=\"wp-page\" data-elementor-id=\"579\" class=\"elementor elementor-579\">\n\t\t\t\t<div class=\"elementor-element elementor-element-ace38d6 e-flex e-con-boxed wpr-particle-no wpr-jarallax-no wpr-parallax-no wpr-sticky-section-no e-con e-parent\" data-id=\"ace38d6\" data-element_type=\"container\" data-settings=\"{&quot;background_background&quot;:&quot;classic&quot;}\">\n\t\t\t\t\t<div class=\"e-con-inner\">\n\t\t\t\t<div class=\"elementor-element elementor-element-e87d3a7 elementor-widget elementor-widget-image\" data-id=\"e87d3a7\" data-element_type=\"widget\" data-widget_type=\"image.default\">\n\t\t\t\t<div class=\"elementor-widget-container\">\n\t\t\t\t\t\t\t\t\t\t\t\t\t\t\t<img fetchpriority=\"high\" decoding=\"async\" width=\"1000\" height=\"1000\" src=\"https:\/\/galloaztecatequila.com\/wp-content\/uploads\/2025\/01\/c4dcf14f-fbf3-453c-8632-b764ff44f49e_2.gif\" class=\"attachment-large size-large wp-image-468\" alt=\"\" \/>\t\t\t\t\t\t\t\t\t\t\t\t\t\t\t<\/div>\n\t\t\t\t<\/div>\n\t\t\t\t<div class=\"elementor-element elementor-element-6882b05 elementor-widget elementor-widget-heading\" data-id=\"6882b05\" data-element_type=\"widget\" data-widget_type=\"heading.default\">\n\t\t\t\t<div class=\"elementor-widget-container\">\n\t\t\t\t\t<h2 class=\"elementor-heading-title elementor-size-default\">RECETAS CON NUESTRO TEQUILA<\/h2>\t\t\t\t<\/div>\n\t\t\t\t<\/div>\n\t\t\t\t\t<\/div>\n\t\t\t\t<\/div>\n\t\t<div class=\"elementor-element elementor-element-c5c2fc3 e-flex e-con-boxed wpr-particle-no wpr-jarallax-no wpr-parallax-no wpr-sticky-section-no e-con e-parent\" data-id=\"c5c2fc3\" data-element_type=\"container\" data-settings=\"{&quot;background_background&quot;:&quot;classic&quot;}\">\n\t\t\t\t\t<div class=\"e-con-inner\">\n\t\t<div class=\"elementor-element elementor-element-d127e94 e-con-full e-flex wpr-particle-no wpr-jarallax-no wpr-parallax-no wpr-sticky-section-no e-con e-child\" data-id=\"d127e94\" data-element_type=\"container\">\n\t\t\t\t<div class=\"elementor-element elementor-element-7d1120d elementor-invisible elementor-widget elementor-widget-image\" data-id=\"7d1120d\" data-element_type=\"widget\" data-settings=\"{&quot;_animation&quot;:&quot;fadeIn&quot;}\" data-widget_type=\"image.default\">\n\t\t\t\t<div class=\"elementor-widget-container\">\n\t\t\t\t\t\t\t\t\t\t\t\t\t\t\t<img decoding=\"async\" width=\"1000\" height=\"1000\" src=\"https:\/\/galloaztecatequila.com\/wp-content\/uploads\/2025\/01\/Margarita.png\" class=\"attachment-large size-large wp-image-583\" alt=\"\" srcset=\"https:\/\/galloaztecatequila.com\/wp-content\/uploads\/2025\/01\/Margarita.png 1000w, https:\/\/galloaztecatequila.com\/wp-content\/uploads\/2025\/01\/Margarita-300x300.png 300w, https:\/\/galloaztecatequila.com\/wp-content\/uploads\/2025\/01\/Margarita-150x150.png 150w, https:\/\/galloaztecatequila.com\/wp-content\/uploads\/2025\/01\/Margarita-768x768.png 768w\" sizes=\"(max-width: 1000px) 100vw, 1000px\" \/>\t\t\t\t\t\t\t\t\t\t\t\t\t\t\t<\/div>\n\t\t\t\t<\/div>\n\t\t\t\t<\/div>\n\t\t<div class=\"elementor-element elementor-element-b949382 e-con-full e-flex wpr-particle-no wpr-jarallax-no wpr-parallax-no wpr-sticky-section-no e-con e-child\" data-id=\"b949382\" data-element_type=\"container\">\n\t\t\t\t<div class=\"elementor-element elementor-element-7d743b7 elementor-invisible elementor-widget elementor-widget-heading\" data-id=\"7d743b7\" data-element_type=\"widget\" data-settings=\"{&quot;_animation&quot;:&quot;fadeInLeft&quot;}\" data-widget_type=\"heading.default\">\n\t\t\t\t<div class=\"elementor-widget-container\">\n\t\t\t\t\t<h2 class=\"elementor-heading-title elementor-size-default\">La Margarita del Gallo<\/h2>\t\t\t\t<\/div>\n\t\t\t\t<\/div>\n\t\t\t\t<div class=\"elementor-element elementor-element-e86d965 elementor-invisible elementor-widget elementor-widget-text-editor\" data-id=\"e86d965\" data-element_type=\"widget\" data-settings=\"{&quot;_animation&quot;:&quot;fadeInRight&quot;}\" data-widget_type=\"text-editor.default\">\n\t\t\t\t<div class=\"elementor-widget-container\">\n\t\t\t\t\t\t\t\t\t<p><b>T\u00e9cnica:<\/b> shaker<\/p><p>60 ML de tequila blanco Gallo Azteca<\/p><p>15 ML de triple sec<\/p><p>30 ML de zumo de lim\u00f3n<\/p><p>30 ML oleo sacharum Flor, rodaja de lim\u00f3n deshidratados para decorar.<\/p>\t\t\t\t\t\t\t\t<\/div>\n\t\t\t\t<\/div>\n\t\t\t\t<\/div>\n\t\t\t\t\t<\/div>\n\t\t\t\t<\/div>\n\t\t<div class=\"elementor-element elementor-element-b11673b e-flex e-con-boxed wpr-particle-no wpr-jarallax-no wpr-parallax-no wpr-sticky-section-no e-con e-parent\" data-id=\"b11673b\" data-element_type=\"container\" data-settings=\"{&quot;background_background&quot;:&quot;classic&quot;}\">\n\t\t\t\t\t<div class=\"e-con-inner\">\n\t\t<div class=\"elementor-element elementor-element-820df81 e-con-full e-flex wpr-particle-no wpr-jarallax-no wpr-parallax-no wpr-sticky-section-no e-con e-child\" data-id=\"820df81\" data-element_type=\"container\">\n\t\t\t\t<div class=\"elementor-element elementor-element-5ade0ad elementor-invisible elementor-widget elementor-widget-image\" data-id=\"5ade0ad\" data-element_type=\"widget\" data-settings=\"{&quot;_animation&quot;:&quot;fadeIn&quot;}\" data-widget_type=\"image.default\">\n\t\t\t\t<div class=\"elementor-widget-container\">\n\t\t\t\t\t\t\t\t\t\t\t\t\t\t\t<img decoding=\"async\" width=\"1000\" height=\"1000\" src=\"https:\/\/galloaztecatequila.com\/wp-content\/uploads\/2025\/01\/carnal.png\" class=\"attachment-large size-large wp-image-584\" alt=\"\" srcset=\"https:\/\/galloaztecatequila.com\/wp-content\/uploads\/2025\/01\/carnal.png 1000w, https:\/\/galloaztecatequila.com\/wp-content\/uploads\/2025\/01\/carnal-300x300.png 300w, https:\/\/galloaztecatequila.com\/wp-content\/uploads\/2025\/01\/carnal-150x150.png 150w, https:\/\/galloaztecatequila.com\/wp-content\/uploads\/2025\/01\/carnal-768x768.png 768w\" sizes=\"(max-width: 1000px) 100vw, 1000px\" \/>\t\t\t\t\t\t\t\t\t\t\t\t\t\t\t<\/div>\n\t\t\t\t<\/div>\n\t\t\t\t<\/div>\n\t\t<div class=\"elementor-element elementor-element-1dcf011 e-con-full e-flex wpr-particle-no wpr-jarallax-no wpr-parallax-no wpr-sticky-section-no e-con e-child\" data-id=\"1dcf011\" data-element_type=\"container\">\n\t\t\t\t<div class=\"elementor-element elementor-element-6182322 elementor-invisible elementor-widget elementor-widget-heading\" data-id=\"6182322\" data-element_type=\"widget\" data-settings=\"{&quot;_animation&quot;:&quot;fadeInLeft&quot;}\" data-widget_type=\"heading.default\">\n\t\t\t\t<div class=\"elementor-widget-container\">\n\t\t\t\t\t<h2 class=\"elementor-heading-title elementor-size-default\">El Carnal<\/h2>\t\t\t\t<\/div>\n\t\t\t\t<\/div>\n\t\t\t\t<div class=\"elementor-element elementor-element-a02597b elementor-invisible elementor-widget elementor-widget-text-editor\" data-id=\"a02597b\" data-element_type=\"widget\" data-settings=\"{&quot;_animation&quot;:&quot;fadeInRight&quot;}\" data-widget_type=\"text-editor.default\">\n\t\t\t\t<div class=\"elementor-widget-container\">\n\t\t\t\t\t\t\t\t\t<p><b>T\u00e9cnica<\/b>: shaker<\/p><p>60 ML de tequila\u00a0 reposado Gallo Azteca<\/p><p>30 ML de Mezcal<\/p><p>30 ML de infusi\u00f3n de jalape\u00f1os<\/p><p>30 ML de syrup de flor de Jamaica,<br \/>manzanilla y canela<br \/>Estilla de canela flameada y rodaja de<br \/>lim\u00f3n deshidrata para decorar.<\/p>\t\t\t\t\t\t\t\t<\/div>\n\t\t\t\t<\/div>\n\t\t\t\t<\/div>\n\t\t\t\t\t<\/div>\n\t\t\t\t<\/div>\n\t\t<div class=\"elementor-element elementor-element-e6ce2a9 e-flex e-con-boxed wpr-particle-no wpr-jarallax-no wpr-parallax-no wpr-sticky-section-no e-con e-parent\" data-id=\"e6ce2a9\" data-element_type=\"container\" data-settings=\"{&quot;background_background&quot;:&quot;classic&quot;}\">\n\t\t\t\t\t<div class=\"e-con-inner\">\n\t\t<div class=\"elementor-element elementor-element-5e8fe63 e-con-full e-flex wpr-particle-no wpr-jarallax-no wpr-parallax-no wpr-sticky-section-no e-con e-child\" data-id=\"5e8fe63\" data-element_type=\"container\">\n\t\t\t\t<div class=\"elementor-element elementor-element-ab72902 elementor-invisible elementor-widget elementor-widget-image\" data-id=\"ab72902\" data-element_type=\"widget\" data-settings=\"{&quot;_animation&quot;:&quot;fadeIn&quot;}\" data-widget_type=\"image.default\">\n\t\t\t\t<div class=\"elementor-widget-container\">\n\t\t\t\t\t\t\t\t\t\t\t\t\t\t\t<img loading=\"lazy\" decoding=\"async\" width=\"1000\" height=\"1000\" src=\"https:\/\/galloaztecatequila.com\/wp-content\/uploads\/2025\/01\/Guerito.png\" class=\"attachment-large size-large wp-image-582\" alt=\"\" srcset=\"https:\/\/galloaztecatequila.com\/wp-content\/uploads\/2025\/01\/Guerito.png 1000w, https:\/\/galloaztecatequila.com\/wp-content\/uploads\/2025\/01\/Guerito-300x300.png 300w, https:\/\/galloaztecatequila.com\/wp-content\/uploads\/2025\/01\/Guerito-150x150.png 150w, https:\/\/galloaztecatequila.com\/wp-content\/uploads\/2025\/01\/Guerito-768x768.png 768w\" sizes=\"(max-width: 1000px) 100vw, 1000px\" \/>\t\t\t\t\t\t\t\t\t\t\t\t\t\t\t<\/div>\n\t\t\t\t<\/div>\n\t\t\t\t<\/div>\n\t\t<div class=\"elementor-element elementor-element-64c6f32 e-con-full e-flex wpr-particle-no wpr-jarallax-no wpr-parallax-no wpr-sticky-section-no e-con e-child\" data-id=\"64c6f32\" data-element_type=\"container\">\n\t\t\t\t<div class=\"elementor-element elementor-element-d10dd43 elementor-invisible elementor-widget elementor-widget-heading\" data-id=\"d10dd43\" data-element_type=\"widget\" data-settings=\"{&quot;_animation&quot;:&quot;fadeInLeft&quot;}\" data-widget_type=\"heading.default\">\n\t\t\t\t<div class=\"elementor-widget-container\">\n\t\t\t\t\t<h2 class=\"elementor-heading-title elementor-size-default\">Guerito<\/h2>\t\t\t\t<\/div>\n\t\t\t\t<\/div>\n\t\t\t\t<div class=\"elementor-element elementor-element-41d5dbe elementor-invisible elementor-widget elementor-widget-text-editor\" data-id=\"41d5dbe\" data-element_type=\"widget\" data-settings=\"{&quot;_animation&quot;:&quot;fadeInRight&quot;}\" data-widget_type=\"text-editor.default\">\n\t\t\t\t<div class=\"elementor-widget-container\">\n\t\t\t\t\t\t\t\t\t<p><b>T\u00e9cnica:<\/b> shaker<\/p>\n<p>60 ML de tequila reposado Gallo Azteca<\/p>\n<p>60 ML de mezcal<\/p>\n<p>30 ML de syrup de lulo<\/p>\n<p>30 ML de toronja o naranja<\/p>\n<p>30 ML de zumo de lim\u00f3n Flor fresca para decorar<\/p>\t\t\t\t\t\t\t\t<\/div>\n\t\t\t\t<\/div>\n\t\t\t\t<\/div>\n\t\t\t\t\t<\/div>\n\t\t\t\t<\/div>\n\t\t\t\t<\/div>","protected":false},"excerpt":{"rendered":"<p>RECETAS CON NUESTRO TEQUILA La Margarita del Gallo T\u00e9cnica: shaker 60 ML de tequila blanco Gallo Azteca 15 ML de triple sec 30 ML de zumo de lim\u00f3n 30 ML oleo sacharum Flor, rodaja de lim\u00f3n deshidratados para decorar. El Carnal T\u00e9cnica: shaker 60 ML de tequila\u00a0 reposado Gallo Azteca 30 ML de Mezcal 30 ML de infusi\u00f3n de jalape\u00f1os 30 ML de syrup de flor de Jamaica,manzanilla y canelaEstilla de canela flameada y rodaja delim\u00f3n deshidrata para decorar. Guerito T\u00e9cnica: shaker 60 ML de tequila reposado Gallo Azteca 60 ML de mezcal 30 ML de syrup de lulo 30 ML de toronja o naranja 30 ML de zumo de lim\u00f3n Flor fresca para decorar<\/p>","protected":false},"author":1,"featured_media":0,"parent":0,"menu_order":0,"comment_status":"closed","ping_status":"closed","template":"","meta":{"_monsterinsights_skip_tracking":false,"_monsterinsights_sitenote_active":false,"_monsterinsights_sitenote_note":"","_monsterinsights_sitenote_category":0,"site-sidebar-layout":"no-sidebar","site-content-layout":"","ast-site-content-layout":"full-width-container","site-content-style":"default","site-sidebar-style":"default","ast-global-header-display":"","ast-banner-title-visibility":"","ast-main-header-display":"","ast-hfb-above-header-display":"","ast-hfb-below-header-display":"","ast-hfb-mobile-header-display":"","site-post-title":"disabled","ast-breadcrumbs-content":"","ast-featured-img":"disabled","footer-sml-layout":"","theme-transparent-header-meta":"","adv-header-id-meta":"","stick-header-meta":"","header-above-stick-meta":"","header-main-stick-meta":"","header-below-stick-meta":"","astra-migrate-meta-layouts":"default","ast-page-background-enabled":"default","ast-page-background-meta":{"desktop":{"background-color":"var(--ast-global-color-4)","background-image":"","background-repeat":"repeat","background-position":"center center","background-size":"auto","background-attachment":"scroll","background-type":"","background-media":"","overlay-type":"","overlay-color":"","overlay-opacity":"","overlay-gradient":""},"tablet":{"background-color":"","background-image":"","background-repeat":"repeat","background-position":"center center","background-size":"auto","background-attachment":"scroll","background-type":"","background-media":"","overlay-type":"","overlay-color":"","overlay-opacity":"","overlay-gradient":""},"mobile":{"background-color":"","background-image":"","background-repeat":"repeat","background-position":"center center","background-size":"auto","background-attachment":"scroll","background-type":"","background-media":"","overlay-type":"","overlay-color":"","overlay-opacity":"","overlay-gradient":""}},"ast-content-background-meta":{"desktop":{"background-color":"var(--ast-global-color-5)","background-image":"","background-repeat":"repeat","background-position":"center center","background-size":"auto","background-attachment":"scroll","background-type":"","background-media":"","overlay-type":"","overlay-color":"","overlay-opacity":"","overlay-gradient":""},"tablet":{"background-color":"var(--ast-global-color-5)","background-image":"","background-repeat":"repeat","background-position":"center center","background-size":"auto","background-attachment":"scroll","background-type":"","background-media":"","overlay-type":"","overlay-color":"","overlay-opacity":"","overlay-gradient":""},"mobile":{"background-color":"var(--ast-global-color-5)","background-image":"","background-repeat":"repeat","background-position":"center center","background-size":"auto","background-attachment":"scroll","background-type":"","background-media":"","overlay-type":"","overlay-color":"","overlay-opacity":"","overlay-gradient":""}},"footnotes":""},"_links":{"self":[{"href":"https:\/\/galloaztecatequila.com\/en\/wp-json\/wp\/v2\/pages\/579"}],"collection":[{"href":"https:\/\/galloaztecatequila.com\/en\/wp-json\/wp\/v2\/pages"}],"about":[{"href":"https:\/\/galloaztecatequila.com\/en\/wp-json\/wp\/v2\/types\/page"}],"author":[{"embeddable":true,"href":"https:\/\/galloaztecatequila.com\/en\/wp-json\/wp\/v2\/users\/1"}],"replies":[{"embeddable":true,"href":"https:\/\/galloaztecatequila.com\/en\/wp-json\/wp\/v2\/comments?post=579"}],"version-history":[{"count":4,"href":"https:\/\/galloaztecatequila.com\/en\/wp-json\/wp\/v2\/pages\/579\/revisions"}],"predecessor-version":[{"id":587,"href":"https:\/\/galloaztecatequila.com\/en\/wp-json\/wp\/v2\/pages\/579\/revisions\/587"}],"wp:attachment":[{"href":"https:\/\/galloaztecatequila.com\/en\/wp-json\/wp\/v2\/media?parent=579"}],"curies":[{"name":"wp","href":"https:\/\/api.w.org\/{rel}","templated":true}]}}