{"id":480,"date":"2025-01-15T06:46:29","date_gmt":"2025-01-15T06:46:29","guid":{"rendered":"https:\/\/galloaztecatequila.com\/?page_id=480"},"modified":"2025-01-15T15:15:50","modified_gmt":"2025-01-15T15:15:50","slug":"origenes","status":"publish","type":"page","link":"https:\/\/galloaztecatequila.com\/en\/origenes\/","title":{"rendered":"origins"},"content":{"rendered":"<div data-elementor-type=\"wp-page\" data-elementor-id=\"480\" class=\"elementor elementor-480\">\n\t\t\t\t<div class=\"elementor-element elementor-element-b6dff87 e-flex e-con-boxed wpr-particle-no wpr-jarallax-no wpr-parallax-no wpr-sticky-section-no e-con e-parent\" data-id=\"b6dff87\" data-element_type=\"container\" data-settings=\"{&quot;background_background&quot;:&quot;video&quot;,&quot;background_video_link&quot;:&quot;https:\\\/\\\/vimeo.com\\\/950977246&quot;,&quot;background_play_on_mobile&quot;:&quot;yes&quot;}\">\n\t\t\t\t\t<div class=\"e-con-inner\">\n\t\t<div class=\"elementor-background-video-container\">\n\t\t\t\t\t\t\t<div class=\"elementor-background-video-embed\"><\/div>\n\t\t\t\t\t\t<\/div>\t\t<div class=\"elementor-element elementor-element-c82f9ec elementor-invisible elementor-widget elementor-widget-heading\" data-id=\"c82f9ec\" data-element_type=\"widget\" data-settings=\"{&quot;_animation&quot;:&quot;fadeInUp&quot;}\" data-widget_type=\"heading.default\">\n\t\t\t\t<div class=\"elementor-widget-container\">\n\t\t\t\t\t<h2 class=\"elementor-heading-title elementor-size-default\">Or\u00edgenes<\/h2>\t\t\t\t<\/div>\n\t\t\t\t<\/div>\n\t\t\t\t\t<\/div>\n\t\t\t\t<\/div>\n\t\t<div class=\"elementor-element elementor-element-5bffb01 e-flex e-con-boxed wpr-particle-no wpr-jarallax-no wpr-parallax-no wpr-sticky-section-no e-con e-parent\" data-id=\"5bffb01\" data-element_type=\"container\" data-settings=\"{&quot;background_background&quot;:&quot;classic&quot;}\">\n\t\t\t\t\t<div class=\"e-con-inner\">\n\t\t<div class=\"elementor-element elementor-element-4b06c67 e-con-full e-flex wpr-particle-no wpr-jarallax-no wpr-parallax-no wpr-sticky-section-no e-con e-child\" data-id=\"4b06c67\" data-element_type=\"container\">\n\t\t\t\t<div class=\"elementor-element elementor-element-b07a0a2 elementor-invisible elementor-widget elementor-widget-image\" data-id=\"b07a0a2\" data-element_type=\"widget\" data-settings=\"{&quot;_animation&quot;:&quot;fadeIn&quot;}\" data-widget_type=\"image.default\">\n\t\t\t\t<div class=\"elementor-widget-container\">\n\t\t\t\t\t\t\t\t\t\t\t\t\t\t\t<img fetchpriority=\"high\" decoding=\"async\" width=\"790\" height=\"1024\" src=\"https:\/\/galloaztecatequila.com\/wp-content\/uploads\/2025\/01\/gallo-azteca-origenes-1-790x1024.png\" class=\"elementor-animation-grow attachment-large size-large wp-image-491\" alt=\"\" srcset=\"https:\/\/galloaztecatequila.com\/wp-content\/uploads\/2025\/01\/gallo-azteca-origenes-1-790x1024.png 790w, https:\/\/galloaztecatequila.com\/wp-content\/uploads\/2025\/01\/gallo-azteca-origenes-1-231x300.png 231w, https:\/\/galloaztecatequila.com\/wp-content\/uploads\/2025\/01\/gallo-azteca-origenes-1-768x996.png 768w, https:\/\/galloaztecatequila.com\/wp-content\/uploads\/2025\/01\/gallo-azteca-origenes-1.png 900w\" sizes=\"(max-width: 790px) 100vw, 790px\" \/>\t\t\t\t\t\t\t\t\t\t\t\t\t\t\t<\/div>\n\t\t\t\t<\/div>\n\t\t\t\t<\/div>\n\t\t<div class=\"elementor-element elementor-element-2bc9627 e-con-full e-flex wpr-particle-no wpr-jarallax-no wpr-parallax-no wpr-sticky-section-no e-con e-child\" data-id=\"2bc9627\" data-element_type=\"container\">\n\t\t\t\t<div class=\"elementor-element elementor-element-0135121 elementor-invisible elementor-widget elementor-widget-heading\" data-id=\"0135121\" data-element_type=\"widget\" data-settings=\"{&quot;_animation&quot;:&quot;fadeInUp&quot;}\" data-widget_type=\"heading.default\">\n\t\t\t\t<div class=\"elementor-widget-container\">\n\t\t\t\t\t<h2 class=\"elementor-heading-title elementor-size-default\">AN OUTSTANDING TEQUILA<\/h2>\t\t\t\t<\/div>\n\t\t\t\t<\/div>\n\t\t\t\t<div class=\"elementor-element elementor-element-66e2c7c elementor-invisible elementor-widget elementor-widget-text-editor\" data-id=\"66e2c7c\" data-element_type=\"widget\" data-settings=\"{&quot;_animation&quot;:&quot;fadeInUp&quot;}\" data-widget_type=\"text-editor.default\">\n\t\t\t\t<div class=\"elementor-widget-container\">\n\t\t\t\t\t\t\t\t\t<p>From the fields of Amatit\u00e1n centered in the center of Jalisco, Mexico, the 100% blue agave is born, from which carefully treated and bottled drops distill to be taken to the barrels that will later be transferred to the palate of those who enjoy a true tequila.<\/p>\n<p><span style=\"font-style: inherit; font-weight: inherit; text-align: var(--text-align);\">A tequila maker was \u201cthe dream of his life.\u201d Luis Eduardo Cuao Lubo, CEO and founder of the Gastek and Gallo Azteca brand, always felt that his life full of companies and work trips needed a tequila.<\/span><\/p>\n<p>For many years he worked to learn not only about the drink, its origins, its best flavors, but also the packaging, labels, permits and more, in order to provide his customers with the best product on the market.<\/p>\n<p>Its sweet, woody and fruity notes can be tasted in every sip, what Cuao always dreamed of, a premium tequila, which would prove that Gallo Azteca is The Wisdom of the Earth Made Tequila.<\/p>\n<p>Luis Cuao was born in Riohacha, La Guajira, Colombia, grew up in Barranquilla and became the first Colombian owner and founder of a tequila brand. A brand created, produced and distributed from Mexico to the world.<\/p>\n<p>A Colombian pride, congratulations Cuao Brand.<\/p>\t\t\t\t\t\t\t\t<\/div>\n\t\t\t\t<\/div>\n\t\t\t\t<\/div>\n\t\t\t\t\t<\/div>\n\t\t\t\t<\/div>\n\t\t\t\t<\/div>","protected":false},"excerpt":{"rendered":"<p>Or\u00edgenes UN TEQUILA FUERA DE SERIE Desde los campos de Amatit\u00e1n centrado en el centro de Jalisco, M\u00e9xico, nace el agave 100% azul del que destilan gotas cuidadosamente tratadas y embazadas para ser llevadas a las barricas que posteriormente se trasladar\u00e1n al paladar de los que disfrutan de un verdadero tequila. Una tequilera fue \u201cel sue\u00f1o de su vida\u201d. Luis Eduardo Cuao Lubo, CEO y fundador de la marca Gastek y Gallo Azteca, siempre estim\u00f3 con que a su vida llena de empresas y viajes de trabajo le hac\u00eda falta un tequila. Por muchos a\u00f1os trabaj\u00f3 por empaparse no solo de la bebida, sus or\u00edgenes, sus mejores sabores, sino tambi\u00e9n, de los embaces, etiquetas, permisos y dem\u00e1s, para as\u00ed poder brindar a sus clientes el mejor producto del mercado. Sus notas dulces, amaderadas y frutales pueden degustarse en cada sorbo, lo que siempre so\u00f1\u00f3 Cuao, un tequila premium, que demostrara que Gallo Azteca es La Sabidur\u00eda de la Tierra Hecha Tequila. Luis Cuao naci\u00f3 en Riohacha, La Guajira, Colombia, creci\u00f3 en Barranquilla y se convierte en el primer colombiano propietario y fundador de una marca de tequila. Una marca creada, producida y distribuida desde M\u00e9xico para el mundo. Un orgullo colombiano, felicidades Cuao Brand.<\/p>","protected":false},"author":1,"featured_media":0,"parent":0,"menu_order":0,"comment_status":"closed","ping_status":"closed","template":"","meta":{"_monsterinsights_skip_tracking":false,"_monsterinsights_sitenote_active":false,"_monsterinsights_sitenote_note":"","_monsterinsights_sitenote_category":0,"site-sidebar-layout":"no-sidebar","site-content-layout":"","ast-site-content-layout":"full-width-container","site-content-style":"default","site-sidebar-style":"default","ast-global-header-display":"","ast-banner-title-visibility":"","ast-main-header-display":"","ast-hfb-above-header-display":"","ast-hfb-below-header-display":"","ast-hfb-mobile-header-display":"","site-post-title":"disabled","ast-breadcrumbs-content":"","ast-featured-img":"disabled","footer-sml-layout":"","theme-transparent-header-meta":"","adv-header-id-meta":"","stick-header-meta":"","header-above-stick-meta":"","header-main-stick-meta":"","header-below-stick-meta":"","astra-migrate-meta-layouts":"default","ast-page-background-enabled":"default","ast-page-background-meta":{"desktop":{"background-color":"var(--ast-global-color-4)","background-image":"","background-repeat":"repeat","background-position":"center center","background-size":"auto","background-attachment":"scroll","background-type":"","background-media":"","overlay-type":"","overlay-color":"","overlay-opacity":"","overlay-gradient":""},"tablet":{"background-color":"","background-image":"","background-repeat":"repeat","background-position":"center center","background-size":"auto","background-attachment":"scroll","background-type":"","background-media":"","overlay-type":"","overlay-color":"","overlay-opacity":"","overlay-gradient":""},"mobile":{"background-color":"","background-image":"","background-repeat":"repeat","background-position":"center center","background-size":"auto","background-attachment":"scroll","background-type":"","background-media":"","overlay-type":"","overlay-color":"","overlay-opacity":"","overlay-gradient":""}},"ast-content-background-meta":{"desktop":{"background-color":"var(--ast-global-color-5)","background-image":"","background-repeat":"repeat","background-position":"center center","background-size":"auto","background-attachment":"scroll","background-type":"","background-media":"","overlay-type":"","overlay-color":"","overlay-opacity":"","overlay-gradient":""},"tablet":{"background-color":"var(--ast-global-color-5)","background-image":"","background-repeat":"repeat","background-position":"center center","background-size":"auto","background-attachment":"scroll","background-type":"","background-media":"","overlay-type":"","overlay-color":"","overlay-opacity":"","overlay-gradient":""},"mobile":{"background-color":"var(--ast-global-color-5)","background-image":"","background-repeat":"repeat","background-position":"center center","background-size":"auto","background-attachment":"scroll","background-type":"","background-media":"","overlay-type":"","overlay-color":"","overlay-opacity":"","overlay-gradient":""}},"footnotes":""},"_links":{"self":[{"href":"https:\/\/galloaztecatequila.com\/en\/wp-json\/wp\/v2\/pages\/480"}],"collection":[{"href":"https:\/\/galloaztecatequila.com\/en\/wp-json\/wp\/v2\/pages"}],"about":[{"href":"https:\/\/galloaztecatequila.com\/en\/wp-json\/wp\/v2\/types\/page"}],"author":[{"embeddable":true,"href":"https:\/\/galloaztecatequila.com\/en\/wp-json\/wp\/v2\/users\/1"}],"replies":[{"embeddable":true,"href":"https:\/\/galloaztecatequila.com\/en\/wp-json\/wp\/v2\/comments?post=480"}],"version-history":[{"count":16,"href":"https:\/\/galloaztecatequila.com\/en\/wp-json\/wp\/v2\/pages\/480\/revisions"}],"predecessor-version":[{"id":500,"href":"https:\/\/galloaztecatequila.com\/en\/wp-json\/wp\/v2\/pages\/480\/revisions\/500"}],"wp:attachment":[{"href":"https:\/\/galloaztecatequila.com\/en\/wp-json\/wp\/v2\/media?parent=480"}],"curies":[{"name":"wp","href":"https:\/\/api.w.org\/{rel}","templated":true}]}}